{"id":2131,"date":"2021-02-22T14:05:52","date_gmt":"2021-02-22T14:05:52","guid":{"rendered":"https:\/\/longwaypy.com\/?page_id=2131"},"modified":"2021-03-08T11:50:06","modified_gmt":"2021-03-08T11:50:06","slug":"marcas-2","status":"publish","type":"page","link":"https:\/\/longwaypy.com\/index.php\/marcas-2\/","title":{"rendered":"Marcas"},"content":{"rendered":"<h4>NUESTRAS MARCAS<\/h4>\n<figure><img decoding=\"async\" width=\"580\" height=\"580\" src=\"https:\/\/longwaypy.com\/wp-content\/uploads\/2021\/02\/logosinfondo580x850.png\" alt=\"\" loading=\"lazy\" srcset=\"https:\/\/longwaypy.com\/wp-content\/uploads\/2021\/02\/logosinfondo580x850.png 580w, https:\/\/longwaypy.com\/wp-content\/uploads\/2021\/02\/logosinfondo580x850-300x300.png 300w, https:\/\/longwaypy.com\/wp-content\/uploads\/2021\/02\/logosinfondo580x850-100x100.png 100w, https:\/\/longwaypy.com\/wp-content\/uploads\/2021\/02\/logosinfondo580x850-416x416.png 416w, https:\/\/longwaypy.com\/wp-content\/uploads\/2021\/02\/logosinfondo580x850-50x50.png 50w\" sizes=\"auto, (max-width: 580px) 100vw, 580px\" \/><\/figure>\n<h3>Punta Ballena<\/h3>\n<p>Punta Ballena es una empresa Uruguaya que inicia sus actividades en 1983. Actualmente, cuenta con el establecimiento elaborador en Paraguay con una tecnolog\u00eda industrial que brinda productos alimenticios de calidad confiable, con estrictas normas higi\u00e9nicas.<\/p>\n<p>\t\t\t<a role=\"button\"><br \/>\n\t\t\t\t\t\tVer m\u00e1s<br \/>\n\t\t\t\t\t<\/a><\/p>\n<figure><a href=\"https:\/\/longwaypy.com\/index.php\/categoria-producto\/qualicoco\/\"><img decoding=\"async\" width=\"580\" height=\"580\" src=\"https:\/\/longwaypy.com\/wp-content\/uploads\/2021\/02\/Logoweb580x580.png\" alt=\"\" loading=\"lazy\" srcset=\"https:\/\/longwaypy.com\/wp-content\/uploads\/2021\/02\/Logoweb580x580.png 580w, https:\/\/longwaypy.com\/wp-content\/uploads\/2021\/02\/Logoweb580x580-300x300.png 300w, https:\/\/longwaypy.com\/wp-content\/uploads\/2021\/02\/Logoweb580x580-100x100.png 100w, https:\/\/longwaypy.com\/wp-content\/uploads\/2021\/02\/Logoweb580x580-416x416.png 416w, https:\/\/longwaypy.com\/wp-content\/uploads\/2021\/02\/Logoweb580x580-50x50.png 50w\" sizes=\"auto, (max-width: 580px) 100vw, 580px\" \/><\/a><\/figure>\n<h3><a href=\"https:\/\/longwaypy.com\/index.php\/categoria-producto\/qualicoco\/\">QualiCoco<\/a><\/h3>\n<p>QualiCoco es una marca brasile\u00f1a especialistas en Productos Industrializados y Naturales. Desde agua hasta aceite de coco, desde chips hasta cacao en polvo o desde mantequilla hasta aceite de palma, QualiCoco quiere ser parte de tu comida, \u00a1porque, comer bien inspira!<\/p>\n<p>\t\t\t<a href=\"https:\/\/longwaypy.com\/index.php\/categoria-producto\/qualicoco\/\" role=\"button\"><br \/>\n\t\t\t\t\t\tVer m\u00e1s<br \/>\n\t\t\t\t\t<\/a><\/p>\n<figure><a href=\"https:\/\/longwaypy.com\/index.php\/categoria-producto\/bpi-sports\/\"><img decoding=\"async\" width=\"1080\" height=\"1080\" src=\"https:\/\/longwaypy.com\/wp-content\/uploads\/2021\/02\/BPILOGO.jpg\" alt=\"\" loading=\"lazy\" srcset=\"https:\/\/longwaypy.com\/wp-content\/uploads\/2021\/02\/BPILOGO.jpg 1080w, https:\/\/longwaypy.com\/wp-content\/uploads\/2021\/02\/BPILOGO-300x300.jpg 300w, https:\/\/longwaypy.com\/wp-content\/uploads\/2021\/02\/BPILOGO-100x100.jpg 100w, https:\/\/longwaypy.com\/wp-content\/uploads\/2021\/02\/BPILOGO-600x600.jpg 600w, https:\/\/longwaypy.com\/wp-content\/uploads\/2021\/02\/BPILOGO-744x744.jpg 744w, https:\/\/longwaypy.com\/wp-content\/uploads\/2021\/02\/BPILOGO-50x50.jpg 50w\" sizes=\"auto, (max-width: 1080px) 100vw, 1080px\" \/><\/a><\/figure>\n<h3><a href=\"https:\/\/longwaypy.com\/index.php\/categoria-producto\/bpi-sports\/\">BPI Sport<\/a><\/h3>\n<p>BPI Sports fabrica suplementos de alta calidad que ofrecen resultados. Nacida en E.E.U.U. Para ayudarlo a alcanzar sus objetivos de acondicionamiento f\u00edsico. Miramos m\u00e1s all\u00e1 de los suplementos y vamos directamente al n\u00facleo de lo que te ayudar\u00e1 a tener \u00e9xito.<\/p>\n<p>\t\t\t<a href=\"https:\/\/longwaypy.com\/index.php\/categoria-producto\/bpi-sports\/\" role=\"button\"><br \/>\n\t\t\t\t\t\tVer m\u00e1s<br \/>\n\t\t\t\t\t<\/a><\/p>\n<h5>Si queres hablar con nosotros, no dudes en contactarnos en algunos de estos medios disponibles<\/h5>\n<p>\t\t\t\t\t<a target=\"_blank\" rel=\"noopener\"><br \/>\n\t\t\t\t\t\tFacebook-f<br \/>\n\t\t\t\t\t\t\t\t\t\t\t<\/a><br \/>\n\t\t\t\t\t<a target=\"_blank\" rel=\"noopener\"><br \/>\n\t\t\t\t\t\tInstagram<br \/>\n\t\t\t\t\t\t\t\t\t\t\t<\/a><br \/>\n\t\t\t\t\t<a target=\"_blank\" rel=\"noopener\"><br \/>\n\t\t\t\t\t\tWhatsapp<br \/>\n\t\t\t\t\t\t\t\t\t\t\t<\/a><\/p>\n<h4>Datos de contacto<\/h4>\n<h5 style=\"text-align: left;\">M\u00f3vil: +595 986 147 555<\/h5>\n<h5 style=\"text-align: left;\">Tel\u00e9fono: +595 61 505 685<\/h5>\n<h5 style=\"text-align: left;\">E-mail: longwaypy@hotmail.com<\/h5>\n<h5 style=\"text-align: left;\">Ubicaci\u00f3n: Ciudad del Este Alto Paran\u00e1 Paraguay<\/h5>\n<h5 style=\"text-align: left;\">Edificio Centro Taigen, Piso 7.<\/h5>\n<h4>Accesos Directos<\/h4>\n<ul>\n<li>\n\t\t\t\t\t<a href=\"https:\/\/longwaypy.com\/\">\t\t\t\t\tInicio<br \/>\n\t\t\t\t\t\t\t\t\t\t\t<\/a>\n\t\t\t\t\t\t\t\t\t<\/li>\n<li>\n\t\t\t\t\t<a href=\"https:\/\/longwaypy.com\/index.php\/about-page-builder\/\">\t\t\t\t\tNosotros<br \/>\n\t\t\t\t\t\t\t\t\t\t\t<\/a>\n\t\t\t\t\t\t\t\t\t<\/li>\n<li>\n\t\t\t\t\t<a href=\"https:\/\/longwaypy.com\/index.php\/marcas-2\/\">\t\t\t\t\tMarcas<br \/>\n\t\t\t\t\t\t\t\t\t\t\t<\/a>\n\t\t\t\t\t\t\t\t\t<\/li>\n<li>\n\t\t\t\t\t<a href=\"https:\/\/longwaypy.com\/index.php\/contact\/\">\t\t\t\t\tContacto<br \/>\n\t\t\t\t\t\t\t\t\t\t\t<\/a>\n\t\t\t\t\t\t\t\t\t<\/li>\n<li>\n\t\t\t\t\t\t\t\t\t\tTienda Online\n\t\t\t\t\t\t\t\t\t<\/li>\n<\/ul>\n<p>Copyright \u00a9 Long Way S.R.L \u2013 Todos los derechos reservados 2021 \u00a9<\/p>\n","protected":false},"excerpt":{"rendered":"<p>NUESTRAS MARCAS Punta Ballena Punta Ballena es una empresa Uruguaya que inicia sus actividades en 1983. Actualmente, cuenta con el establecimiento elaborador en Paraguay con una tecnolog\u00eda industrial que brinda productos alimenticios de calidad confiable, con estrictas normas higi\u00e9nicas. Ver m\u00e1s QualiCoco QualiCoco es una marca brasile\u00f1a especialistas en Productos Industrializados y Naturales. Desde agua [&hellip;]<\/p>\n","protected":false},"author":1,"featured_media":0,"parent":0,"menu_order":0,"comment_status":"closed","ping_status":"closed","template":"elementor_header_footer","meta":{"footnotes":""},"class_list":["post-2131","page","type-page","status-publish","hentry"],"_links":{"self":[{"href":"https:\/\/longwaypy.com\/index.php\/wp-json\/wp\/v2\/pages\/2131","targetHints":{"allow":["GET"]}}],"collection":[{"href":"https:\/\/longwaypy.com\/index.php\/wp-json\/wp\/v2\/pages"}],"about":[{"href":"https:\/\/longwaypy.com\/index.php\/wp-json\/wp\/v2\/types\/page"}],"author":[{"embeddable":true,"href":"https:\/\/longwaypy.com\/index.php\/wp-json\/wp\/v2\/users\/1"}],"replies":[{"embeddable":true,"href":"https:\/\/longwaypy.com\/index.php\/wp-json\/wp\/v2\/comments?post=2131"}],"version-history":[{"count":70,"href":"https:\/\/longwaypy.com\/index.php\/wp-json\/wp\/v2\/pages\/2131\/revisions"}],"predecessor-version":[{"id":3271,"href":"https:\/\/longwaypy.com\/index.php\/wp-json\/wp\/v2\/pages\/2131\/revisions\/3271"}],"wp:attachment":[{"href":"https:\/\/longwaypy.com\/index.php\/wp-json\/wp\/v2\/media?parent=2131"}],"curies":[{"name":"wp","href":"https:\/\/api.w.org\/{rel}","templated":true}]}}