{"id":25,"date":"2017-07-12T16:48:00","date_gmt":"2017-07-12T16:48:00","guid":{"rendered":"http:\/\/themedemos.webmandesign.eu\/reykjavik\/?page_id=25"},"modified":"2022-02-28T14:52:35","modified_gmt":"2022-02-28T14:52:35","slug":"contact","status":"publish","type":"page","link":"https:\/\/longwaypy.com\/index.php\/contact\/","title":{"rendered":"Cont\u00e1ctanos"},"content":{"rendered":"<h2>CONT\u00c1CTANOS<\/h2>\n<h5>\u00bfNecesitas hablar ? Le invitamos a dejar su informaci\u00f3n de contacto y nos pondremos en contacto en breve.<\/h5>\n<h3>\n\t\t\t\t\t\tVis\u00edtanos<br \/>\n\t\t\t\t<\/h3>\n<p>\n\t\t\t\t\t\tNuestras oficinas y dep\u00f3sitos se encuentran en:\t\t\t\t\t<\/p>\n<p>Avenida Carlos Antonio L\u00f3pez N82, Cd. del Este<\/p>\n<h3>\n\t\t\t\t\t\tLlamanos<br \/>\n\t\t\t\t<\/h3>\n<p>\n\t\t\t\t\t\tContamos con n\u00fameros de tel\u00e9fono l\u00ednea baja y l\u00ednea alta:\t\t\t\t\t<\/p>\n<p>595 986 147 +555<br \/>+595 61 505 685<\/p>\n<h3>\n\t\t\t\t\t\tE-MAIL<br \/>\n\t\t\t\t<\/h3>\n<p>\n\t\t\t\t\t\tNuestro correo electr\u00f3nico para contacto corporativo:\t\t\t\t\t<\/p>\n<p>longwaypy@hotmail.com<\/p>\n<p>\t\t\t<iframe frameborder=\"0\" scrolling=\"no\" marginheight=\"0\" marginwidth=\"0\"\n\t\t\t\t\tsrc=\"https:\/\/maps.google.com\/maps?q=Edificio%20Centro%20Taigen%20%28LONG%20WAY%20S.R.L%29%20PY&#038;t=m&#038;z=10&#038;output=embed&#038;iwloc=near\"\n\t\t\t\t\ttitle=\"Edificio Centro Taigen (LONG WAY S.R.L) PY\"\n\t\t\t\t\taria-label=\"Edificio Centro Taigen (LONG WAY S.R.L) PY\"\n\t\t\t><\/iframe><\/p>\n<h5>Si queres hablar con nosotros, no dudes en contactarnos en algunos de estos medios disponibles<\/h5>\n<p>\t\t\t\t\t<a target=\"_blank\" rel=\"noopener\"><br \/>\n\t\t\t\t\t\tFacebook-f<br \/>\n\t\t\t\t\t\t\t\t\t\t\t<\/a><br \/>\n\t\t\t\t\t<a target=\"_blank\" rel=\"noopener\"><br \/>\n\t\t\t\t\t\tInstagram<br \/>\n\t\t\t\t\t\t\t\t\t\t\t<\/a><br \/>\n\t\t\t\t\t<a target=\"_blank\" rel=\"noopener\"><br \/>\n\t\t\t\t\t\tWhatsapp<br \/>\n\t\t\t\t\t\t\t\t\t\t\t<\/a><\/p>\n<h4>Datos de contacto<\/h4>\n<h5 style=\"text-align: left;\">M\u00f3vil: +595 986 147 555<\/h5>\n<h5 style=\"text-align: left;\">Tel\u00e9fono: +595 61 505 685<\/h5>\n<h5 style=\"text-align: left;\">E-mail: longwaypy@hotmail.com<\/h5>\n<h5 style=\"text-align: left;\">Ubicaci\u00f3n: Ciudad del Este Alto Paran\u00e1 Paraguay<\/h5>\n<h5 style=\"text-align: left;\">Edificio Centro Taigen, Piso 7.<\/h5>\n<h4>Accesos Directos<\/h4>\n<ul>\n<li>\n\t\t\t\t\t\t\t\t\t\t\t<a href=\"https:\/\/longwaypy.com\/\"><br \/>\n\t\t\t\t\t\t\t\t\t\t\tInicio<br \/>\n\t\t\t\t\t\t\t\t\t\t\t<\/a>\n\t\t\t\t\t\t\t\t\t<\/li>\n<li>\n\t\t\t\t\t\t\t\t\t\t\t<a href=\"https:\/\/longwaypy.com\/index.php\/about-page-builder\/\"><br \/>\n\t\t\t\t\t\t\t\t\t\t\tNosotros<br \/>\n\t\t\t\t\t\t\t\t\t\t\t<\/a>\n\t\t\t\t\t\t\t\t\t<\/li>\n<li>\n\t\t\t\t\t\t\t\t\t\t\t<a href=\"https:\/\/longwaypy.com\/index.php\/marcas-2\/\"><br \/>\n\t\t\t\t\t\t\t\t\t\t\tMarcas<br \/>\n\t\t\t\t\t\t\t\t\t\t\t<\/a>\n\t\t\t\t\t\t\t\t\t<\/li>\n<li>\n\t\t\t\t\t\t\t\t\t\t\t<a href=\"https:\/\/longwaypy.com\/index.php\/contact\/\"><br \/>\n\t\t\t\t\t\t\t\t\t\t\tContacto<br \/>\n\t\t\t\t\t\t\t\t\t\t\t<\/a>\n\t\t\t\t\t\t\t\t\t<\/li>\n<li>\n\t\t\t\t\t\t\t\t\t\tTienda Online\n\t\t\t\t\t\t\t\t\t<\/li>\n<\/ul>\n<p>Copyright \u00a9 Long Way S.R.L \u2013 Todos los derechos reservados 2021 \u00a9<\/p>\n","protected":false},"excerpt":{"rendered":"<p>This page is an example of <strong>\u00abWith intro widgets\u00bb<\/strong> page template. This is a page\/post excerpt text. You might need to enable the excerpt field in screen options first when editing the page\/post.<\/p>\n","protected":false},"author":1,"featured_media":0,"parent":0,"menu_order":0,"comment_status":"closed","ping_status":"closed","template":"elementor_header_footer","meta":{"footnotes":""},"class_list":["post-25","page","type-page","status-publish","hentry"],"_links":{"self":[{"href":"https:\/\/longwaypy.com\/index.php\/wp-json\/wp\/v2\/pages\/25","targetHints":{"allow":["GET"]}}],"collection":[{"href":"https:\/\/longwaypy.com\/index.php\/wp-json\/wp\/v2\/pages"}],"about":[{"href":"https:\/\/longwaypy.com\/index.php\/wp-json\/wp\/v2\/types\/page"}],"author":[{"embeddable":true,"href":"https:\/\/longwaypy.com\/index.php\/wp-json\/wp\/v2\/users\/1"}],"replies":[{"embeddable":true,"href":"https:\/\/longwaypy.com\/index.php\/wp-json\/wp\/v2\/comments?post=25"}],"version-history":[{"count":20,"href":"https:\/\/longwaypy.com\/index.php\/wp-json\/wp\/v2\/pages\/25\/revisions"}],"predecessor-version":[{"id":3641,"href":"https:\/\/longwaypy.com\/index.php\/wp-json\/wp\/v2\/pages\/25\/revisions\/3641"}],"wp:attachment":[{"href":"https:\/\/longwaypy.com\/index.php\/wp-json\/wp\/v2\/media?parent=25"}],"curies":[{"name":"wp","href":"https:\/\/api.w.org\/{rel}","templated":true}]}}