{"id":2739,"date":"2021-03-02T14:10:11","date_gmt":"2021-03-02T14:10:11","guid":{"rendered":"https:\/\/longwaypy.com\/?page_id=2739"},"modified":"2021-03-02T14:33:10","modified_gmt":"2021-03-02T14:33:10","slug":"elementor-2739","status":"publish","type":"page","link":"https:\/\/longwaypy.com\/index.php\/elementor-2739\/","title":{"rendered":"Elementor #2739"},"content":{"rendered":"\t\t\n\t\t\t<h1>Sobre nosotros<\/h1>\t\t\n\t\t\t<a role=\"button\">\n\t\t\t\t\t<\/a>\n\t\t\t<h2>NUESTRA HISTORIA<\/h2>\t\t\n\t\t<p>LONG WAY S.R.L es una Empresa de car\u00e1cter familiar perteneciente a la familia <strong>Taigen<\/strong>, que desde el a\u00f1o 1971 desarrolla distintos tipos de actividades empresariales en Ciudad del Este, Paraguay, con la firma comercial <strong>Casa Colombia<\/strong>.<\/p>\t\t\n\t\t\t<h2>A continuaci\u00f3n<\/h2>\t\t\n\t\t<p>En el a\u00f1o 2007 fue fundada la Empresa <strong>Long Way S.R.L<\/strong>, Una compa\u00f1\u00eda Importadora\u00a0 y Distribuidora en el Paraguay.<\/p>\t\t\n\t\t\t\t\t\t\t\t\t\t<img decoding=\"async\" width=\"750\" height=\"600\" src=\"https:\/\/longwaypy.com\/wp-content\/uploads\/2021\/01\/canales-de-distribucion-750x600-1.jpg\" alt=\"\" loading=\"lazy\" srcset=\"https:\/\/longwaypy.com\/wp-content\/uploads\/2021\/01\/canales-de-distribucion-750x600-1.jpg 750w, https:\/\/longwaypy.com\/wp-content\/uploads\/2021\/01\/canales-de-distribucion-750x600-1-744x595.jpg 744w, https:\/\/longwaypy.com\/wp-content\/uploads\/2021\/01\/canales-de-distribucion-750x600-1-600x480.jpg 600w\" sizes=\"auto, (max-width: 750px) 100vw, 750px\" \/>\t\t\t\t\t\t\t\t\t\t\t\n\t\t\t<h3>Misi\u00f3n<\/h3>\t\t\n\t\t<p>Abarcar la mayor\u00eda de de los sectores del pais, proveyendo a nuestros clientes los productos de la mas alta calidad y aceptaci\u00f3n.<\/p><p>Por ello representamos marcas importadas y distribuimos a nivel nacional.<\/p>\t\t\n\t\t<p>Estamos en b\u00fasqueda de un excelente posicionamiento y ala vanguardia de las exigencias del mercado actual que cada d\u00eda es mas competitivo, lograr una alta rentabilidad, ya que estamos comprometidos con nuestros funcionarios, con el consumidor y con el desarrollo del pais.<\/p>\t\t\n\t\t\t<h3>Visi\u00f3n<\/h3>\t\t\n\t\t<p>Nos proponemos a asegurar el \u00e9xito de las marcas representadas por nuestra empresa, e incrementar el numero de productos, para brindarle al consumidor una mayor diversidad, as\u00ed como atraer nuevos cliente, y cada d\u00eda mejorar y optimizar nuestros servicios.<\/p>\t\t\n\t\t<p>Invertimos en el entrenamiento de nuestros funcionarios de venta y promoci\u00f3n, orient\u00e1ndolos en el conocimiento de las marcas que tienen a su cargo.<\/p><p>Pol\u00edtica nuestra que unida a ala calidad de las marcas representadas, es el medio empleado por Long Way S.R.L\u00a0 para hacer de cada producto un \u00e9xito.<\/p>\t\t\n\t\t\t<h2>Con\u00f3cenos un poco mas<\/h2>\t\t\n\t\t<p>Conoce nuestros valores y lo que nos motiva a seguir d\u00eda tras d\u00eda<\/p>\t\t\n\t\t\t<a href=\"#about\" role=\"button\">\n\t\t\t\t\t\tCont\u00e1ctanos \n\t\t\t\t\t<\/a>\n\t\t<h5>Si queres hablar con nosotros, no dudes en contactarnos en algunos de estos medios disponibles<\/h5>\t\t\n\t\t\t\t\t<a target=\"_blank\" rel=\"noopener\">\n\t\t\t\t\t\tFacebook-f\n\t\t\t\t\t\t\t\t\t\t\t<\/a>\n\t\t\t\t\t<a target=\"_blank\" rel=\"noopener\">\n\t\t\t\t\t\tInstagram\n\t\t\t\t\t\t\t\t\t\t\t<\/a>\n\t\t\t\t\t<a target=\"_blank\" rel=\"noopener\">\n\t\t\t\t\t\tWhatsapp\n\t\t\t\t\t\t\t\t\t\t\t<\/a>\n\t\t\t<h4>Datos de contacto<\/h4>\t\t\n\t\t<h5 style=\"text-align: left;\">M\u00f3vil: +595 986 147 555<\/h5><h5 style=\"text-align: left;\">Tel\u00e9fono: +595 61 505 685<\/h5><h5 style=\"text-align: left;\">E-mail: longwaypy@hotmail.com<\/h5><h5 style=\"text-align: left;\">Ubicaci\u00f3n: Ciudad del Este Alto Paran\u00e1 Paraguay<\/h5><h5 style=\"text-align: left;\">Edificio Centro Taigen, Piso 7.<\/h5>\t\t\n\t\t\t<h4>Accesos Directos<\/h4>\t\t\n\t\t\t\t\t<ul>\n\t\t\t\t\t\t\t<li>\n\t\t\t\t\t\t\t\t\t\tInicio\n\t\t\t\t\t\t\t\t\t<\/li>\n\t\t\t\t\t\t\t\t<li>\n\t\t\t\t\t\t\t\t\t\tNosotros\n\t\t\t\t\t\t\t\t\t<\/li>\n\t\t\t\t\t\t\t\t<li>\n\t\t\t\t\t\t\t\t\t\tMarcas\n\t\t\t\t\t\t\t\t\t<\/li>\n\t\t\t\t\t\t\t\t<li>\n\t\t\t\t\t\t\t\t\t\tContacto\n\t\t\t\t\t\t\t\t\t<\/li>\n\t\t\t\t\t\t\t\t<li>\n\t\t\t\t\t\t\t\t\t\tCat\u00e1logo\n\t\t\t\t\t\t\t\t\t<\/li>\n\t\t\t\t\t\t\t\t<li>\n\t\t\t\t\t\t\t\t\t\tTienda Online\n\t\t\t\t\t\t\t\t\t<\/li>\n\t\t\t\t\t\t<\/ul>\n\t\t<p>Copyright \u00a9 Long Way S.R.L &#8211; Todos los derechos reservados 2021 \u00a9<br><\/p>","protected":false},"excerpt":{"rendered":"<p>Sobre nosotros NUESTRA HISTORIA LONG WAY S.R.L es una Empresa de car\u00e1cter familiar perteneciente a la familia Taigen, que desde el a\u00f1o 1971 desarrolla distintos tipos de actividades empresariales en Ciudad del Este, Paraguay, con la firma comercial Casa Colombia. A continuaci\u00f3n En el a\u00f1o 2007 fue fundada la Empresa Long Way S.R.L, Una compa\u00f1\u00eda [&hellip;]<\/p>\n","protected":false},"author":1,"featured_media":0,"parent":0,"menu_order":0,"comment_status":"closed","ping_status":"closed","template":"","meta":{"footnotes":""},"class_list":["post-2739","page","type-page","status-publish","hentry"],"_links":{"self":[{"href":"https:\/\/longwaypy.com\/index.php\/wp-json\/wp\/v2\/pages\/2739","targetHints":{"allow":["GET"]}}],"collection":[{"href":"https:\/\/longwaypy.com\/index.php\/wp-json\/wp\/v2\/pages"}],"about":[{"href":"https:\/\/longwaypy.com\/index.php\/wp-json\/wp\/v2\/types\/page"}],"author":[{"embeddable":true,"href":"https:\/\/longwaypy.com\/index.php\/wp-json\/wp\/v2\/users\/1"}],"replies":[{"embeddable":true,"href":"https:\/\/longwaypy.com\/index.php\/wp-json\/wp\/v2\/comments?post=2739"}],"version-history":[{"count":13,"href":"https:\/\/longwaypy.com\/index.php\/wp-json\/wp\/v2\/pages\/2739\/revisions"}],"predecessor-version":[{"id":2766,"href":"https:\/\/longwaypy.com\/index.php\/wp-json\/wp\/v2\/pages\/2739\/revisions\/2766"}],"wp:attachment":[{"href":"https:\/\/longwaypy.com\/index.php\/wp-json\/wp\/v2\/media?parent=2739"}],"curies":[{"name":"wp","href":"https:\/\/api.w.org\/{rel}","templated":true}]}}