{"id":1247,"date":"2021-01-29T12:48:15","date_gmt":"2021-01-29T12:48:15","guid":{"rendered":"https:\/\/longwaypy.com\/?post_type=product&#038;p=1247"},"modified":"2021-03-06T15:01:13","modified_gmt":"2021-03-06T15:01:13","slug":"harina-de-coco-qualicoco-200gr","status":"publish","type":"product","link":"https:\/\/longwaypy.com\/index.php\/producto\/harina-de-coco-qualicoco-200gr\/","title":{"rendered":"Harina De Coco Qualicoco 200gr"},"content":{"rendered":"<p><img loading=\"lazy\" decoding=\"async\" src=\"https:\/\/longwaypy.com\/wp-content\/uploads\/2021\/01\/infonutriharina-1200x413.png\" sizes=\"auto, (max-width: 1200px) 100vw, 1200px\" srcset=\"https:\/\/longwaypy.com\/wp-content\/uploads\/2021\/01\/infonutriharina-1200x413.png 1200w, https:\/\/longwaypy.com\/wp-content\/uploads\/2021\/01\/infonutriharina-744x256.png 744w, https:\/\/longwaypy.com\/wp-content\/uploads\/2021\/01\/infonutriharina-1536x529.png 1536w, https:\/\/longwaypy.com\/wp-content\/uploads\/2021\/01\/infonutriharina-600x207.png 600w, https:\/\/longwaypy.com\/wp-content\/uploads\/2021\/01\/infonutriharina.png 1894w\" alt=\"\" width=\"1200\" height=\"413\" \/><\/p>\n<h3>Ingredientes<\/h3>\n<p>&nbsp;<\/p>\n<h3>Conservaci\u00f3n<\/h3>\n<p>&nbsp;<\/p>\n<h3>Duraci\u00f3n<\/h3>\n<p>Almendra de coco deshidratada.Almacenar en un lugar seco y alejado de la luz solar.\u00a0Una vez abierto, sellar herm\u00e9ticamente y consumir dentro de los 30 d\u00edas.\u00a0Caducidad de 1 a\u00f1o despu\u00e9s de la fecha de fabricaci\u00f3n en condiciones ideales.<br \/>\nSugerencia de consumo<\/p>\n<p>Mucho m\u00e1s saludable y nutritiva, la harina de coco puede reemplazar la harina de trigo en varios usos.\u00a0Sin gluten y rico en fibra, ayuda a evitar comer en exceso en la dieta, ayuda al buen funcionamiento del intestino, acelera el metabolismo y aumenta la quema de grasas.\u00a0Adem\u00e1s, tiene un \u00edndice gluc\u00e9mico m\u00e1s bajo que el de las harinas a base de cereales, por lo que es la mejor opci\u00f3n para los diab\u00e9ticos.<\/p>\n<p><img loading=\"lazy\" decoding=\"async\" src=\"https:\/\/longwaypy.com\/wp-content\/uploads\/2021\/01\/Harina.jpg\" sizes=\"auto, (max-width: 780px) 100vw, 780px\" srcset=\"https:\/\/longwaypy.com\/wp-content\/uploads\/2021\/01\/Harina.jpg 780w, https:\/\/longwaypy.com\/wp-content\/uploads\/2021\/01\/Harina-744x439.jpg 744w, https:\/\/longwaypy.com\/wp-content\/uploads\/2021\/01\/Harina-600x354.jpg 600w\" alt=\"\" width=\"780\" height=\"460\" \/><\/p>\n","protected":false},"excerpt":{"rendered":"<ul class=\"product__main__features\">\n<li class=\"product__main__features-item\">\n<h4 class=\"pmfi__title\">Rica en Fibra<\/h4>\n<p class=\"pmfi__description\">Pudiendo sustituir la Harina de Trigo en varios usos;<\/p>\n<\/li>\n<li class=\"product__main__features-item\">\n<h4 class=\"pmfi__title\">Promueve una mayor saciedad<\/h4>\n<p class=\"pmfi__description\">Ayuda a evitar la exageraci\u00f3n en la comida;<\/p>\n<\/li>\n<li class=\"product__main__features-item\">\n<h4 class=\"pmfi__title\">Reduce el riesgo de diabetes.<\/h4>\n<p class=\"pmfi__description\">\n<\/li>\n<li class=\"product__main__features-item\">\n<h4 class=\"pmfi__title\">Ayuda en la digesti\u00f3n.<\/h4>\n<p class=\"pmfi__description\">\n<\/li>\n<li class=\"product__main__features-item\">\n<h4 class=\"pmfi__title\">Acelera el metabolismo<\/h4>\n<p class=\"pmfi__description\">Aumenta la quema de grasas almacenadas en el organismo.<\/p>\n<\/li>\n<\/ul>\n","protected":false},"featured_media":3256,"template":"","meta":[],"product_cat":[67],"product_tag":[],"class_list":["post-1247","product","type-product","status-publish","has-post-thumbnail","hentry","product_cat-qualicoco"],"_links":{"self":[{"href":"https:\/\/longwaypy.com\/index.php\/wp-json\/wp\/v2\/product\/1247","targetHints":{"allow":["GET"]}}],"collection":[{"href":"https:\/\/longwaypy.com\/index.php\/wp-json\/wp\/v2\/product"}],"about":[{"href":"https:\/\/longwaypy.com\/index.php\/wp-json\/wp\/v2\/types\/product"}],"wp:featuredmedia":[{"embeddable":true,"href":"https:\/\/longwaypy.com\/index.php\/wp-json\/wp\/v2\/media\/3256"}],"wp:attachment":[{"href":"https:\/\/longwaypy.com\/index.php\/wp-json\/wp\/v2\/media?parent=1247"}],"wp:term":[{"taxonomy":"product_cat","embeddable":true,"href":"https:\/\/longwaypy.com\/index.php\/wp-json\/wp\/v2\/product_cat?post=1247"},{"taxonomy":"product_tag","embeddable":true,"href":"https:\/\/longwaypy.com\/index.php\/wp-json\/wp\/v2\/product_tag?post=1247"}],"curies":[{"name":"wp","href":"https:\/\/api.w.org\/{rel}","templated":true}]}}