{"id":1720,"date":"2021-02-08T13:34:09","date_gmt":"2021-02-08T13:34:09","guid":{"rendered":"https:\/\/longwaypy.com\/?post_type=product&#038;p=1720"},"modified":"2021-03-10T16:15:09","modified_gmt":"2021-03-10T16:15:09","slug":"best-bcaa-300g","status":"publish","type":"product","link":"https:\/\/longwaypy.com\/index.php\/producto\/best-bcaa-300g\/","title":{"rendered":"Best BCAA 300g"},"content":{"rendered":"<p><a href=\"#\" role=\"button\"><br \/>\n\t\t\t\t\t\tCOMPRAR<br \/>\n\t\t\t\t\t<\/a><br \/>\n\t\t\t<a href=\"#\" role=\"button\"><br \/>\n\t\t\t\t\t\tIMAGEN HD<br \/>\n\t\t\t\t\t<\/a><br \/>\n\t\t\t<a href=\"#\" role=\"button\"><br \/>\n\t\t\t\t\t\tFICHA TECNICA<br \/>\n\t\t\t\t\t<\/a><br \/>\n\t\tBPI Sports Best BCAA soporta la recuperaci\u00f3n muscular, reparaci\u00f3n, y ayuda a prevenir la ruptura muscular durante los entrenamientos. Es un BCAA vers\u00e1til que puede beneficiar a cualquier persona, desde el \u00e1vido culturista hasta el atleta diario y entusiastas del fitness. *<br \/>\n-Sabor refrescante de hielo \u00e1rtico: Nuestro polvo Best BCAA BCAA es f\u00e1cil de mezclar en agua. Este incre\u00edble sabor, mientras que proporciona a tu cuerpo una mejor hidrataci\u00f3n. *<br \/>\n-Mezcla de BCAA de r\u00e1pida absorci\u00f3n: nuestra f\u00f3rmula en polvo BCAA contiene una mezcla de amino\u00e1cidos ramificados (BCAA) de r\u00e1pida absorci\u00f3n y matriz CLA que ayuda a apoyar la recuperaci\u00f3n muscular mientras evita la ruptura muscular. *<br \/>\n-Aumenta el rendimiento y la recuperaci\u00f3n: nuestro potente polvo BCAA aumenta los niveles de resistencia para mejorar el rendimiento atl\u00e9tico general. * El mejor BCAA tambi\u00e9n ayuda a reparar y reconstruir los m\u00fasculos para ayudar en la recuperaci\u00f3n despu\u00e9s del entrenamiento. *<br \/>\n-BPI Sports se enorgullece de hacer f\u00f3rmulas de entrenamiento superiores que tienen un sabor incre\u00edble. Nuestros productos est\u00e1n fabricados en los Estados Unidos. *<br \/>\nEn sabores:<br \/>\nFruit Punch<br \/>\nBlue Raspberry<br \/>\nWatermelon Ice<br \/>\nGrape<\/p>\n","protected":false},"excerpt":{"rendered":"<div class=\"product__main__header product__main__header--desk\">\n<h2 class=\"product__main__name\"><span>Polvo energ\u00e9tico de amino\u00e1cidos\u00a0ramificados BPI Sports BEST BCAA\u00a0<\/span><\/h2>\n<p>&nbsp;<\/p>\n<\/div>\n<p>En sabores:<\/p>\n<p>Fruit Punch<\/p>\n<p>Blue Raspberry<\/p>\n<p>Watermelon Ice<\/p>\n<p>Grape<\/p>\n","protected":false},"featured_media":1727,"template":"","meta":[],"product_cat":[66],"product_tag":[93,90],"class_list":["post-1720","product","type-product","status-publish","has-post-thumbnail","hentry","product_cat-bpi-sports","product_tag-best-bcaa","product_tag-bpi-sports"],"_links":{"self":[{"href":"https:\/\/longwaypy.com\/index.php\/wp-json\/wp\/v2\/product\/1720","targetHints":{"allow":["GET"]}}],"collection":[{"href":"https:\/\/longwaypy.com\/index.php\/wp-json\/wp\/v2\/product"}],"about":[{"href":"https:\/\/longwaypy.com\/index.php\/wp-json\/wp\/v2\/types\/product"}],"wp:featuredmedia":[{"embeddable":true,"href":"https:\/\/longwaypy.com\/index.php\/wp-json\/wp\/v2\/media\/1727"}],"wp:attachment":[{"href":"https:\/\/longwaypy.com\/index.php\/wp-json\/wp\/v2\/media?parent=1720"}],"wp:term":[{"taxonomy":"product_cat","embeddable":true,"href":"https:\/\/longwaypy.com\/index.php\/wp-json\/wp\/v2\/product_cat?post=1720"},{"taxonomy":"product_tag","embeddable":true,"href":"https:\/\/longwaypy.com\/index.php\/wp-json\/wp\/v2\/product_tag?post=1720"}],"curies":[{"name":"wp","href":"https:\/\/api.w.org\/{rel}","templated":true}]}}