{"id":1821,"date":"2021-02-09T13:31:37","date_gmt":"2021-02-09T13:31:37","guid":{"rendered":"https:\/\/longwaypy.com\/?post_type=product&#038;p=1821"},"modified":"2021-03-10T16:21:14","modified_gmt":"2021-03-10T16:21:14","slug":"bpi-sports-one-more-rep-250g","status":"publish","type":"product","link":"https:\/\/longwaypy.com\/index.php\/producto\/bpi-sports-one-more-rep-250g\/","title":{"rendered":"BPI Sports One More Rep 250g"},"content":{"rendered":"<p><a href=\"#\" role=\"button\"><br \/>\n\t\t\t\t\t\tCOMPRAR<br \/>\n\t\t\t\t\t<\/a><br \/>\n\t\t\t<a href=\"#\" role=\"button\"><br \/>\n\t\t\t\t\t\tIMAGEN HD<br \/>\n\t\t\t\t\t<\/a><br \/>\n\t\t\t<a href=\"#\" role=\"button\"><br \/>\n\t\t\t\t\t\tFICHA TECNICA<br \/>\n\t\t\t\t\t<\/a><br \/>\n\t\tLa industria del fitness ha evolucionado desde que los pre-entrenamientos llegaron al mercado por primera vez. Los atletas que alguna vez buscaron energ\u00eda exagerada sin tener en cuenta la fuente, ahora est\u00e1n m\u00e1s informados. One More Rep \u2122 es un producto de esta evoluci\u00f3n. Si bien a\u00fan proporciona la energ\u00eda intensa que necesita para maximizar el rendimiento, la f\u00f3rmula ofrece una gama m\u00e1s amplia de beneficios. Con ingredientes efectivos y cl\u00ednicamente estudiados como remolacha en polvo, citrulina y carnitina, One More Rep \u2122 est\u00e1 dise\u00f1ado para promover la concentraci\u00f3n, el bombeo, la resistencia, la fuerza, la recuperaci\u00f3n, el crecimiento muscular e incluso la quema de grasa. Use este pre-entrenamiento cuando quiera esforzarse m\u00e1s y lograr esa repetici\u00f3n extra, ya sea una m\u00e1s que su \u00faltima serie o una m\u00e1s que su competidor. *<\/p>\n","protected":false},"excerpt":{"rendered":"<div class=\"product__main__header product__main__header--desk\">\n<h2 class=\"product__main__name\">One More Rep BPI Sports 250g<\/h2>\n<\/div>\n<p>&nbsp;<\/p>\n<p>\u00a1Empuje m\u00e1s fuerte, entrene m\u00e1s tiempo!<\/p>\n<p>*Desarrollado con polvo de remolacha y L-citrulina<br \/>\n*25 porciones por envase<br \/>\n*Dise\u00f1ado para promover el enfoque, la energ\u00eda y el bombeo<br \/>\n*Sabores deliciosos sin colorantes artificiales:<\/p>\n<p>Hurricane Orange<\/p>\n<p>Fruit Punch<\/p>\n","protected":false},"featured_media":1823,"template":"","meta":[],"product_cat":[66],"product_tag":[],"class_list":["post-1821","product","type-product","status-publish","has-post-thumbnail","hentry","product_cat-bpi-sports"],"_links":{"self":[{"href":"https:\/\/longwaypy.com\/index.php\/wp-json\/wp\/v2\/product\/1821","targetHints":{"allow":["GET"]}}],"collection":[{"href":"https:\/\/longwaypy.com\/index.php\/wp-json\/wp\/v2\/product"}],"about":[{"href":"https:\/\/longwaypy.com\/index.php\/wp-json\/wp\/v2\/types\/product"}],"wp:featuredmedia":[{"embeddable":true,"href":"https:\/\/longwaypy.com\/index.php\/wp-json\/wp\/v2\/media\/1823"}],"wp:attachment":[{"href":"https:\/\/longwaypy.com\/index.php\/wp-json\/wp\/v2\/media?parent=1821"}],"wp:term":[{"taxonomy":"product_cat","embeddable":true,"href":"https:\/\/longwaypy.com\/index.php\/wp-json\/wp\/v2\/product_cat?post=1821"},{"taxonomy":"product_tag","embeddable":true,"href":"https:\/\/longwaypy.com\/index.php\/wp-json\/wp\/v2\/product_tag?post=1821"}],"curies":[{"name":"wp","href":"https:\/\/api.w.org\/{rel}","templated":true}]}}