{"id":1839,"date":"2021-02-09T14:40:48","date_gmt":"2021-02-09T14:40:48","guid":{"rendered":"https:\/\/longwaypy.com\/?post_type=product&#038;p=1839"},"modified":"2021-03-10T16:47:35","modified_gmt":"2021-03-10T16:47:35","slug":"bpi-sports-iso-hd-5lb","status":"publish","type":"product","link":"https:\/\/longwaypy.com\/index.php\/producto\/bpi-sports-iso-hd-5lb\/","title":{"rendered":"BPI Sports ISO HD 5Lb"},"content":{"rendered":"<p><a role=\"button\" href=\"#\"><br \/>\nCOMPRAR<br \/>\n<\/a><br \/>\n<a role=\"button\" href=\"#\"><br \/>\nIMAGEN HD<br \/>\n<\/a><br \/>\n<a role=\"button\" href=\"#\"><br \/>\nFICHA TECNICA<br \/>\n<\/a><br \/>\nISO HD Contiene s\u00f3lo las prote\u00ednas de suero de leche de m\u00e1s alta de calidad, hecha con una temperatura fr\u00eda, procesada naturalmente y micro filtrada. Esto se traduce en un muy alto contenido de prote\u00ednas con muy pocas grasas no deseadas, o lactosa. Esto difiere de otros procesos m\u00e1s baratos, como intercambio i\u00f3nico, que utilizan productos qu\u00edmicos agresivos que pueden reducir micronutrientes importantes y desnaturalizar la prote\u00edna. En BPI Sports usamos cada paso del control de calidad para asegurar que el contenido es exactamente el que est\u00e1 indicado EN LA ETIQUETA.<\/p>\n","protected":false},"excerpt":{"rendered":"<div class=\"product__main__header product__main__header--desk\">\n<h2 class=\"product__main__name\">ISO HD BPI Sports 5Lbs<\/h2>\n<\/div>\n<p>\u00bfPor qu\u00e9 ISO HD?<br \/>\nCon un costo por porci\u00f3n realmente conveniente, no vas a encontrar un valor mejor que el que ISO HD \u2122 te ofrece! Estas optando por GRAN CALIDAD, un gran precio por porci\u00f3n y su sabor es incre\u00edble! No tiene que hacer ning\u00fan sacrificio por la mejor prote\u00edna \u2122 ! Estar\u00e1s recibiendo todo lo que quieras &#8211; y por eso ISO HD ES EL NUEVO EST\u00c1NDAR!.<\/p>\n<p>Principales caracter\u00edsticas:<\/p>\n<p>*25 gramos de prote\u00edna por servicio.<br \/>\n*5.5 gramos de BCAA.<br \/>\n*Bajo en az\u00facar y grasas<br \/>\n*F\u00e1cil de mezclar<br \/>\n*Sabor incre\u00edble<br \/>\nUso recomendado: Como complemento alimenticio, tomar 1 servicio inmediatamente despu\u00e9s de la actividad f\u00edsica, y para conseguir un resultado \u00f3ptimo, tomar tambien un servicio entre comidas.<\/p>\n","protected":false},"featured_media":3451,"template":"","meta":[],"product_cat":[66],"product_tag":[90,91,92],"class_list":["post-1839","product","type-product","status-publish","has-post-thumbnail","hentry","product_cat-bpi-sports","product_tag-bpi-sports","product_tag-iso-hd","product_tag-proteina"],"_links":{"self":[{"href":"https:\/\/longwaypy.com\/index.php\/wp-json\/wp\/v2\/product\/1839","targetHints":{"allow":["GET"]}}],"collection":[{"href":"https:\/\/longwaypy.com\/index.php\/wp-json\/wp\/v2\/product"}],"about":[{"href":"https:\/\/longwaypy.com\/index.php\/wp-json\/wp\/v2\/types\/product"}],"wp:featuredmedia":[{"embeddable":true,"href":"https:\/\/longwaypy.com\/index.php\/wp-json\/wp\/v2\/media\/3451"}],"wp:attachment":[{"href":"https:\/\/longwaypy.com\/index.php\/wp-json\/wp\/v2\/media?parent=1839"}],"wp:term":[{"taxonomy":"product_cat","embeddable":true,"href":"https:\/\/longwaypy.com\/index.php\/wp-json\/wp\/v2\/product_cat?post=1839"},{"taxonomy":"product_tag","embeddable":true,"href":"https:\/\/longwaypy.com\/index.php\/wp-json\/wp\/v2\/product_tag?post=1839"}],"curies":[{"name":"wp","href":"https:\/\/api.w.org\/{rel}","templated":true}]}}