{"id":2086,"date":"2021-02-12T17:52:47","date_gmt":"2021-02-12T17:52:47","guid":{"rendered":"https:\/\/longwaypy.com\/?post_type=product&#038;p=2086"},"modified":"2021-03-09T19:28:37","modified_gmt":"2021-03-09T19:28:37","slug":"azucar-de-coco-qualicoco-100g","status":"publish","type":"product","link":"https:\/\/longwaypy.com\/index.php\/producto\/azucar-de-coco-qualicoco-100g\/","title":{"rendered":"Az\u00facar de Coco QualiCoco 100g"},"content":{"rendered":"<p><a href=\"#\" role=\"button\"><br \/>\n\t\t\t\t\t\tCOMPRAR<br \/>\n\t\t\t\t\t<\/a><br \/>\n\t\t\t<a href=\"#\" role=\"button\"><br \/>\n\t\t\t\t\t\tIMAGEN HD<br \/>\n\t\t\t\t\t<\/a><br \/>\n\t\t\t<a href=\"#\" role=\"button\"><br \/>\n\t\t\t\t\t\tFICHA TECNICA<br \/>\n\t\t\t\t\t<\/a><br \/>\n\t\t\t\t\t\t\t\t\t\t<img decoding=\"async\" width=\"1200\" height=\"421\" src=\"https:\/\/longwaypy.com\/wp-content\/uploads\/2021\/02\/infonutriazucar-1200x421.png\" alt=\"\" loading=\"lazy\" srcset=\"https:\/\/longwaypy.com\/wp-content\/uploads\/2021\/02\/infonutriazucar-1200x421.png 1200w, https:\/\/longwaypy.com\/wp-content\/uploads\/2021\/02\/infonutriazucar-600x210.png 600w, https:\/\/longwaypy.com\/wp-content\/uploads\/2021\/02\/infonutriazucar-744x261.png 744w, https:\/\/longwaypy.com\/wp-content\/uploads\/2021\/02\/infonutriazucar-1536x538.png 1536w, https:\/\/longwaypy.com\/wp-content\/uploads\/2021\/02\/infonutriazucar.png 1909w\" sizes=\"auto, (max-width: 1200px) 100vw, 1200px\" \/>\t\t\t\t\t\t\t\t\t\t\t<\/p>\n<h3>Ingredientes<br \/>\n<\/h3>\n<p>\t\tN\u00e9ctar de coco.\t\t<\/p>\n<h3>Conservaci\u00f3n<\/h3>\n<p>\t\tAlmacenar en un lugar seco, alejado de fuentes de calor y protegido de la luz solar.\u00a0Una vez abierto, sellar herm\u00e9ticamente y consumir dentro de los 30 d\u00edas.\t\t<\/p>\n<h3>Duraci\u00f3n<\/h3>\n<p>\t\tCaducidad de 18 meses a partir de la fecha de fabricaci\u00f3n en condiciones ideales.<\/p>\n<section>\u00a0<\/section>\n<h3>Sugerencia de consumo<\/h3>\n<p>El az\u00facar de coco es un edulcorante natural elaborado 100% con n\u00e9ctar de coco.\u00a0Aliado de quienes siguen dietas de bajo \u00edndice gluc\u00e9mico, es ideal para sustituir los az\u00facares tradicionales.<\/p>\n<p>\t\t\t\t\t\t\t\t\t\t<img decoding=\"async\" width=\"780\" height=\"460\" src=\"https:\/\/longwaypy.com\/wp-content\/uploads\/2021\/02\/azucar.jpg\" alt=\"\" loading=\"lazy\" srcset=\"https:\/\/longwaypy.com\/wp-content\/uploads\/2021\/02\/azucar.jpg 780w, https:\/\/longwaypy.com\/wp-content\/uploads\/2021\/02\/azucar-600x354.jpg 600w, https:\/\/longwaypy.com\/wp-content\/uploads\/2021\/02\/azucar-744x439.jpg 744w\" sizes=\"auto, (max-width: 780px) 100vw, 780px\" \/><\/p>\n","protected":false},"excerpt":{"rendered":"<div class=\"product__main__header product__main__header--desk\">\n<h2 class=\"product__main__name\">Az\u00facar de coco 100g<\/h2>\n<p>&nbsp;<\/p>\n<\/div>\n<ul class=\"product__main__features\">\n<li class=\"product__main__features-item\">\n<h4 class=\"pmfi__title\">\u00cdndice gluc\u00e9mico bajo<\/h4>\n<p>Haci\u00e9ndolo un gran sustituto del refinado com\u00fan;<\/p>\n<p>&nbsp;<\/li>\n<li class=\"product__main__features-item\">\n<h4 class=\"pmfi__title\">Lleno de vitaminas<\/h4>\n<p>El az\u00facar se extrae del n\u00e9ctar presente en la flor del coco;<\/p>\n<p>&nbsp;<\/li>\n<li class=\"product__main__features-item\">\n<h4 class=\"pmfi__title\">No es refinado<\/h4>\n<p>De esta forma se conserva la esencia de sus nutrientes.<\/p>\n<p>&nbsp;<\/li>\n<li class=\"product__main__features-item\">\n<h4 class=\"pmfi__title\">Nutrientes esenciales<\/h4>\n<p>Acumula una gran cantidad de potasio, magnesio, zinc y hierro, adem\u00e1s de ser una fuente natural de vitaminas B1, B2, B3 y B6.<\/li>\n<\/ul>\n","protected":false},"featured_media":3248,"template":"","meta":[],"product_cat":[67],"product_tag":[71,73,72],"class_list":["post-2086","product","type-product","status-publish","has-post-thumbnail","hentry","product_cat-qualicoco","product_tag-azucar","product_tag-coco","product_tag-qualicoco"],"_links":{"self":[{"href":"https:\/\/longwaypy.com\/index.php\/wp-json\/wp\/v2\/product\/2086","targetHints":{"allow":["GET"]}}],"collection":[{"href":"https:\/\/longwaypy.com\/index.php\/wp-json\/wp\/v2\/product"}],"about":[{"href":"https:\/\/longwaypy.com\/index.php\/wp-json\/wp\/v2\/types\/product"}],"wp:featuredmedia":[{"embeddable":true,"href":"https:\/\/longwaypy.com\/index.php\/wp-json\/wp\/v2\/media\/3248"}],"wp:attachment":[{"href":"https:\/\/longwaypy.com\/index.php\/wp-json\/wp\/v2\/media?parent=2086"}],"wp:term":[{"taxonomy":"product_cat","embeddable":true,"href":"https:\/\/longwaypy.com\/index.php\/wp-json\/wp\/v2\/product_cat?post=2086"},{"taxonomy":"product_tag","embeddable":true,"href":"https:\/\/longwaypy.com\/index.php\/wp-json\/wp\/v2\/product_tag?post=2086"}],"curies":[{"name":"wp","href":"https:\/\/api.w.org\/{rel}","templated":true}]}}