{"id":3091,"date":"2021-03-04T18:24:17","date_gmt":"2021-03-04T18:24:17","guid":{"rendered":"https:\/\/longwaypy.com\/?post_type=product&#038;p=3091"},"modified":"2021-03-09T19:07:23","modified_gmt":"2021-03-09T19:07:23","slug":"leche-de-coco-en-polvo-qualicoco-100g","status":"publish","type":"product","link":"https:\/\/longwaypy.com\/index.php\/producto\/leche-de-coco-en-polvo-qualicoco-100g\/","title":{"rendered":"Leche De Coco Polvo  QualiCoco 100g"},"content":{"rendered":"<p><a href=\"#\" role=\"button\"><br \/>\n\t\t\t\t\t\tCOMPRAR<br \/>\n\t\t\t\t\t<\/a><br \/>\n\t\t\t<a href=\"#\" role=\"button\"><br \/>\n\t\t\t\t\t\tIMAGEN HD<br \/>\n\t\t\t\t\t<\/a><br \/>\n\t\t\t<a href=\"#\" role=\"button\"><br \/>\n\t\t\t\t\t\tFICHA TECNICA<br \/>\n\t\t\t\t\t<\/a><br \/>\n\t\t\t\t\t\t\t\t\t\t<img decoding=\"async\" width=\"1200\" height=\"408\" src=\"https:\/\/longwaypy.com\/wp-content\/uploads\/2021\/03\/infonutrileche-1200x408.png\" alt=\"\" loading=\"lazy\" srcset=\"https:\/\/longwaypy.com\/wp-content\/uploads\/2021\/03\/infonutrileche-1200x408.png 1200w, https:\/\/longwaypy.com\/wp-content\/uploads\/2021\/03\/infonutrileche-600x204.png 600w, https:\/\/longwaypy.com\/wp-content\/uploads\/2021\/03\/infonutrileche-744x253.png 744w, https:\/\/longwaypy.com\/wp-content\/uploads\/2021\/03\/infonutrileche-1536x522.png 1536w, https:\/\/longwaypy.com\/wp-content\/uploads\/2021\/03\/infonutrileche.png 1915w\" sizes=\"auto, (max-width: 1200px) 100vw, 1200px\" \/>\t\t\t\t\t\t\t\t\t\t\t<\/p>\n<h3>Ingredientes<\/h3>\n<p>\t\tLeche de coco y maltodextrina.\t\t<\/p>\n<h3>Conservaci\u00f3n<\/h3>\n<p>\t\tAlmacenar en un lugar seco y alejado de la luz solar.\u00a0Una vez abierto, sellar herm\u00e9ticamente y consumir dentro de los 15 d\u00edas.\u00a0Al manipular, use una cuchara seca.\t\t<\/p>\n<h3>Duraci\u00f3n <\/h3>\n<p>\t\tCaducidad de 12 meses despu\u00e9s de la fecha de fabricaci\u00f3n en condiciones ideales.\t\t<\/p>\n<h3>Sugerencia de consumo<\/h3>\n<p>Agregue 2 cucharadas (25 g) de leche de coco en polvo en un vaso o recipiente, revolviendo gradualmente, hasta completar el volumen total de 200 ml.<\/p>\n<p>\t\t\t\t\t\t\t\t\t\t<img decoding=\"async\" width=\"780\" height=\"460\" src=\"https:\/\/longwaypy.com\/wp-content\/uploads\/2021\/03\/lechebudin.jpg\" alt=\"\" loading=\"lazy\" srcset=\"https:\/\/longwaypy.com\/wp-content\/uploads\/2021\/03\/lechebudin.jpg 780w, https:\/\/longwaypy.com\/wp-content\/uploads\/2021\/03\/lechebudin-600x354.jpg 600w, https:\/\/longwaypy.com\/wp-content\/uploads\/2021\/03\/lechebudin-744x439.jpg 744w\" sizes=\"auto, (max-width: 780px) 100vw, 780px\" \/><\/p>\n","protected":false},"excerpt":{"rendered":"<div class=\"product__main__header product__main__header--desk\">\n<h2 class=\"product__main__name\">Leche de coco en polvo<\/h2>\n<p>&nbsp;<\/p>\n<\/div>\n<ul class=\"product__main__features\">\n<li class=\"product__main__features-item\">\n<h4 class=\"pmfi__title\">Rico en grasas saturadas buenas<\/h4>\n<p class=\"pmfi__description\">R\u00e1pidamente digerido y transformado en energ\u00eda;<\/p>\n<\/li>\n<li class=\"product__main__features-item\">\n<h4 class=\"pmfi__title\">Fuente de vitaminas y minerales<\/h4>\n<p class=\"pmfi__description\">Tiene vitamina C, B1, B3, B5 y B6, minerales esenciales como calcio, selenio, magnesio, f\u00f3sforo, hierro, potasio, cobre, zinc y manganeso;<\/p>\n<\/li>\n<li class=\"product__main__features-item\">\n<h4 class=\"pmfi__title\">Acido laurico<\/h4>\n<p class=\"pmfi__description\">Asegurando propiedades antivirales, antif\u00fangicas, antibacterianas, digestivas, inmunoestimulantes y antioxidantes.<\/p>\n<\/li>\n<li class=\"product__main__features-item\">\n<h4 class=\"pmfi__title\">Nueva f\u00f3rmula<\/h4>\n<p class=\"pmfi__description\">Ahora vegano, tambi\u00e9n es una gran opci\u00f3n para quienes padecen intolerancia a la lactosa o son al\u00e9rgicos a la prote\u00edna de la leche de vaca.<\/p>\n<\/li>\n<\/ul>\n","protected":false},"featured_media":3254,"template":"","meta":[],"product_cat":[67],"product_tag":[76,77,72],"class_list":["post-3091","product","type-product","status-publish","has-post-thumbnail","hentry","product_cat-qualicoco","product_tag-leche","product_tag-polvo","product_tag-qualicoco"],"_links":{"self":[{"href":"https:\/\/longwaypy.com\/index.php\/wp-json\/wp\/v2\/product\/3091","targetHints":{"allow":["GET"]}}],"collection":[{"href":"https:\/\/longwaypy.com\/index.php\/wp-json\/wp\/v2\/product"}],"about":[{"href":"https:\/\/longwaypy.com\/index.php\/wp-json\/wp\/v2\/types\/product"}],"wp:featuredmedia":[{"embeddable":true,"href":"https:\/\/longwaypy.com\/index.php\/wp-json\/wp\/v2\/media\/3254"}],"wp:attachment":[{"href":"https:\/\/longwaypy.com\/index.php\/wp-json\/wp\/v2\/media?parent=3091"}],"wp:term":[{"taxonomy":"product_cat","embeddable":true,"href":"https:\/\/longwaypy.com\/index.php\/wp-json\/wp\/v2\/product_cat?post=3091"},{"taxonomy":"product_tag","embeddable":true,"href":"https:\/\/longwaypy.com\/index.php\/wp-json\/wp\/v2\/product_tag?post=3091"}],"curies":[{"name":"wp","href":"https:\/\/api.w.org\/{rel}","templated":true}]}}