{"id":3113,"date":"2021-03-04T19:14:57","date_gmt":"2021-03-04T19:14:57","guid":{"rendered":"https:\/\/longwaypy.com\/?post_type=product&#038;p=3113"},"modified":"2021-03-09T19:06:07","modified_gmt":"2021-03-09T19:06:07","slug":"mantequilla-de-coco-con-sabor-a-mantequilla-con-sal-200g","status":"publish","type":"product","link":"https:\/\/longwaypy.com\/index.php\/producto\/mantequilla-de-coco-con-sabor-a-mantequilla-con-sal-200g\/","title":{"rendered":"Mantequilla De Coco Sabor a Mantequilla C\/ Sal 200g"},"content":{"rendered":"<p><a href=\"#\" role=\"button\"><br \/>\n\t\t\t\t\t\tCOMPRAR<br \/>\n\t\t\t\t\t<\/a><br \/>\n\t\t\t<a href=\"#\" role=\"button\"><br \/>\n\t\t\t\t\t\tIMAGEN HD<br \/>\n\t\t\t\t\t<\/a><br \/>\n\t\t\t<a href=\"#\" role=\"button\"><br \/>\n\t\t\t\t\t\tFICHA TECNICA<br \/>\n\t\t\t\t\t<\/a><br \/>\n\t\t\t\t\t\t\t\t\t\t<img decoding=\"async\" width=\"1200\" height=\"407\" src=\"https:\/\/longwaypy.com\/wp-content\/uploads\/2021\/03\/infonutrimantecamarillo-1200x407.png\" alt=\"\" loading=\"lazy\" srcset=\"https:\/\/longwaypy.com\/wp-content\/uploads\/2021\/03\/infonutrimantecamarillo-1200x407.png 1200w, https:\/\/longwaypy.com\/wp-content\/uploads\/2021\/03\/infonutrimantecamarillo-600x204.png 600w, https:\/\/longwaypy.com\/wp-content\/uploads\/2021\/03\/infonutrimantecamarillo-744x253.png 744w, https:\/\/longwaypy.com\/wp-content\/uploads\/2021\/03\/infonutrimantecamarillo-1536x521.png 1536w, https:\/\/longwaypy.com\/wp-content\/uploads\/2021\/03\/infonutrimantecamarillo.png 1915w\" sizes=\"auto, (max-width: 1200px) 100vw, 1200px\" \/>\t\t\t\t\t\t\t\t\t\t\t<\/p>\n<h3>Ingredientes<\/h3>\n<p>\t\tAceite de coco, agua, sal, emulsionante mono y diglic\u00e9ridos de \u00e1cidos grasos, aromatizante id\u00e9ntico a la mantequilla natural, colorante natural de achiote y c\u00farcuma y secuestrante de \u00e1cido c\u00edtrico.\u00a0No contiene colesterol, como cualquier producto de origen vegetal.\u00a0No contiene gluten.\t\t<\/p>\n<h3>Conservaci\u00f3n<\/h3>\n<p>\t\tLa manteca de coco ser\u00e1 l\u00edquida a partir de 25\u00baC, ya que es una caracter\u00edstica natural del producto.\u00a0Si desea una consistencia cremosa, refrigere por unos minutos.\u00a0En climas inferiores a 25\u00baC dejar a temperatura ambiente o realizar un ba\u00f1o Mar\u00eda hasta obtener la consistencia deseada antes de consumirlo.\u00a0Una vez abierto, sellar herm\u00e9ticamente y consumir dentro de los 30 d\u00edas.\t\t<\/p>\n<h3>Duraci\u00f3n<\/h3>\n<p>\t\tVencimiento de 10 meses despu\u00e9s de la fecha de fabricaci\u00f3n en condiciones ideales.\t\t<\/p>\n<h3>Sugerencia de consumo<\/h3>\n<p>Se puede utilizar para el desayuno y la preparaci\u00f3n de alimentos.<\/p>\n<p>\t\t\t\t\t\t\t\t\t\t<img decoding=\"async\" width=\"780\" height=\"460\" src=\"https:\/\/longwaypy.com\/wp-content\/uploads\/2021\/03\/mantecamarilla.jpg\" alt=\"\" loading=\"lazy\" srcset=\"https:\/\/longwaypy.com\/wp-content\/uploads\/2021\/03\/mantecamarilla.jpg 780w, https:\/\/longwaypy.com\/wp-content\/uploads\/2021\/03\/mantecamarilla-600x354.jpg 600w, https:\/\/longwaypy.com\/wp-content\/uploads\/2021\/03\/mantecamarilla-744x439.jpg 744w\" sizes=\"auto, (max-width: 780px) 100vw, 780px\" \/><\/p>\n","protected":false},"excerpt":{"rendered":"<div class=\"product__main__header product__main__header--desk\">\n<h2 class=\"product__main__name\">Mantequilla de coco con sabor a mantequilla con sal 200g<\/h2>\n<p>&nbsp;<\/p>\n<\/div>\n<ul class=\"product__main__features\">\n<li class=\"product__main__features-item\">\n<h4 class=\"pmfi__title\">Contiene Omega 9<\/h4>\n<p class=\"pmfi__description\">Ayuda en la reducci\u00f3n del colesterol malo (LDL), sin disminuir el colesterol bueno (HDL);<\/p>\n<\/li>\n<li class=\"product__main__features-item\">\n<h4 class=\"pmfi__title\">Protege el corazon<\/h4>\n<p class=\"pmfi__description\">\n<\/li>\n<li class=\"product__main__features-item\">\n<h4 class=\"pmfi__title\">Contribuye a la acci\u00f3n antibacteriana y antiviral<\/h4>\n<p class=\"pmfi__description\">\n<\/li>\n<li class=\"product__main__features-item\">\n<h4 class=\"pmfi__title\">Ayuda a la reducci\u00f3n de peso<\/h4>\n<p class=\"pmfi__description\">Mejora el metabolismo y los niveles de energ\u00eda;<\/p>\n<\/li>\n<li class=\"product__main__features-item\">\n<h4 class=\"pmfi__title\">Rico en \u00e1cido l\u00e1urico<\/h4>\n<p class=\"pmfi__description\">Promueve una mayor inmunidad;<\/p>\n<\/li>\n<li class=\"product__main__features-item\">\n<h4 class=\"pmfi__title\">Compuesto por grasas saludables<\/h4>\n<p class=\"pmfi__description\">Sentirse lleno por m\u00e1s tiempo;<\/p>\n<\/li>\n<li class=\"product__main__features-item\">\n<h4 class=\"pmfi__title\">Act\u00faa como antioxidante<\/h4>\n<p class=\"pmfi__description\">Protege la piel de los efectos da\u00f1inos de los radicales libres;<\/p>\n<\/li>\n<li class=\"product__main__features-item\">\n<h4 class=\"pmfi__title\">No contiene lactosa<\/h4>\n<p class=\"pmfi__description\">Su base de preparaci\u00f3n es Grasa de Coco, sin derivados de la leche en su composici\u00f3n.<\/p>\n<\/li>\n<\/ul>\n","protected":false},"featured_media":3211,"template":"","meta":[],"product_cat":[67],"product_tag":[73,78,72,80],"class_list":["post-3113","product","type-product","status-publish","has-post-thumbnail","hentry","product_cat-qualicoco","product_tag-coco","product_tag-mantequilla","product_tag-qualicoco","product_tag-sabor"],"_links":{"self":[{"href":"https:\/\/longwaypy.com\/index.php\/wp-json\/wp\/v2\/product\/3113","targetHints":{"allow":["GET"]}}],"collection":[{"href":"https:\/\/longwaypy.com\/index.php\/wp-json\/wp\/v2\/product"}],"about":[{"href":"https:\/\/longwaypy.com\/index.php\/wp-json\/wp\/v2\/types\/product"}],"wp:featuredmedia":[{"embeddable":true,"href":"https:\/\/longwaypy.com\/index.php\/wp-json\/wp\/v2\/media\/3211"}],"wp:attachment":[{"href":"https:\/\/longwaypy.com\/index.php\/wp-json\/wp\/v2\/media?parent=3113"}],"wp:term":[{"taxonomy":"product_cat","embeddable":true,"href":"https:\/\/longwaypy.com\/index.php\/wp-json\/wp\/v2\/product_cat?post=3113"},{"taxonomy":"product_tag","embeddable":true,"href":"https:\/\/longwaypy.com\/index.php\/wp-json\/wp\/v2\/product_tag?post=3113"}],"curies":[{"name":"wp","href":"https:\/\/api.w.org\/{rel}","templated":true}]}}