{"id":3302,"date":"2021-03-09T13:40:22","date_gmt":"2021-03-09T13:40:22","guid":{"rendered":"https:\/\/longwaypy.com\/?post_type=product&#038;p=3302"},"modified":"2021-03-09T18:23:34","modified_gmt":"2021-03-09T18:23:34","slug":"chips-de-coco-skin-qualicoco-40g","status":"publish","type":"product","link":"https:\/\/longwaypy.com\/index.php\/producto\/chips-de-coco-skin-qualicoco-40g\/","title":{"rendered":"Chips de Coco Skin QualiCoco 40g"},"content":{"rendered":"<p><a role=\"button\" href=\"#\"><br \/>\nCOMPRAR<br \/>\n<\/a><br \/>\n<a role=\"button\" href=\"#\"><br \/>\nIMAGEN HD<br \/>\n<\/a><br \/>\n<a role=\"button\" href=\"#\"><br \/>\nFICHA TECNICA<br \/>\n<\/a><br \/>\n<img loading=\"lazy\" decoding=\"async\" src=\"https:\/\/longwaypy.com\/wp-content\/uploads\/2021\/03\/infonutrichips-1200x373.png\" sizes=\"auto, (max-width: 1200px) 100vw, 1200px\" srcset=\"https:\/\/longwaypy.com\/wp-content\/uploads\/2021\/03\/infonutrichips-1200x373.png 1200w, https:\/\/longwaypy.com\/wp-content\/uploads\/2021\/03\/infonutrichips-744x232.png 744w, https:\/\/longwaypy.com\/wp-content\/uploads\/2021\/03\/infonutrichips-1536x478.png 1536w, https:\/\/longwaypy.com\/wp-content\/uploads\/2021\/03\/infonutrichips-600x187.png 600w, https:\/\/longwaypy.com\/wp-content\/uploads\/2021\/03\/infonutrichips.png 1915w\" alt=\"\" width=\"1200\" height=\"373\" \/><\/p>\n<h3>Ingredientes<\/h3>\n<p>Almendra de coco con pel\u00edcula deshidratada y conservante INS 223.<\/p>\n<h3>Conservaci\u00f3n<\/h3>\n<p>Almacenar en un lugar seco y alejado de la luz solar.\u00a0Una vez abierto, s\u00e9llelo herm\u00e9ticamente y mant\u00e9ngalo refrigerado, consumiendo dentro de los 10 d\u00edas.<\/p>\n<h2>Duraci\u00f3n<\/h2>\n<p>Caducidad de 8 meses despu\u00e9s de la fecha de fabricaci\u00f3n en condiciones ideales.<\/p>\n","protected":false},"excerpt":{"rendered":"<div class=\"product__main__header product__main__header--desk\">\n<h2 class=\"product__main__name\">Chips de piel de coco 40g<\/h2>\n<p>&nbsp;<\/p>\n<\/div>\n<ul class=\"product__main__features\">\n<li class=\"product__main__features-item\">\n<h4 class=\"pmfi__title\">Muy buen Sabor<\/h4>\n<p class=\"pmfi__description\">No tienes que renunciar a algo sabroso para estar sano;<\/p>\n<\/li>\n<li class=\"product__main__features-item\">\n<h4 class=\"pmfi__title\">Nutritivo<\/h4>\n<p class=\"pmfi__description\">Un tentempi\u00e9 crujiente, pr\u00e1ctico y una excelente fuente de nutrientes;<\/p>\n<\/li>\n<li class=\"product__main__features-item\">\n<h4 class=\"pmfi__title\">Ligero<\/h4>\n<p class=\"pmfi__description\">\n<\/li>\n<li class=\"product__main__features-item\">\n<h4 class=\"pmfi__title\">Crujiente<\/h4>\n<p class=\"pmfi__description\">\u00a1En sabores Original, Endulzado, Quemado, Piel, Jengibre, Pi\u00f1a y Chocolate!<\/p>\n<\/li>\n<\/ul>\n","protected":false},"featured_media":3303,"template":"","meta":[],"product_cat":[67],"product_tag":[86,73,72],"class_list":["post-3302","product","type-product","status-publish","has-post-thumbnail","hentry","product_cat-qualicoco","product_tag-chips","product_tag-coco","product_tag-qualicoco"],"_links":{"self":[{"href":"https:\/\/longwaypy.com\/index.php\/wp-json\/wp\/v2\/product\/3302","targetHints":{"allow":["GET"]}}],"collection":[{"href":"https:\/\/longwaypy.com\/index.php\/wp-json\/wp\/v2\/product"}],"about":[{"href":"https:\/\/longwaypy.com\/index.php\/wp-json\/wp\/v2\/types\/product"}],"wp:featuredmedia":[{"embeddable":true,"href":"https:\/\/longwaypy.com\/index.php\/wp-json\/wp\/v2\/media\/3303"}],"wp:attachment":[{"href":"https:\/\/longwaypy.com\/index.php\/wp-json\/wp\/v2\/media?parent=3302"}],"wp:term":[{"taxonomy":"product_cat","embeddable":true,"href":"https:\/\/longwaypy.com\/index.php\/wp-json\/wp\/v2\/product_cat?post=3302"},{"taxonomy":"product_tag","embeddable":true,"href":"https:\/\/longwaypy.com\/index.php\/wp-json\/wp\/v2\/product_tag?post=3302"}],"curies":[{"name":"wp","href":"https:\/\/api.w.org\/{rel}","templated":true}]}}